{"id":4467,"date":"2021-12-15T11:44:58","date_gmt":"2021-12-15T11:44:58","guid":{"rendered":"https:\/\/www.ard-cosmetics.com\/?page_id=4467"},"modified":"2024-10-10T11:23:39","modified_gmt":"2024-10-10T11:23:39","slug":"pravila-privatnosti","status":"publish","type":"page","link":"https:\/\/www.ard-cosmetics.com\/en\/pravila-privatnosti\/","title":{"rendered":"Privacy policy"},"content":{"rendered":"<div data-elementor-type=\"wp-page\" data-elementor-id=\"4467\" class=\"elementor elementor-4467\">\n\t\t\t\t\t\t<section class=\"elementor-section elementor-top-section elementor-element elementor-element-20c950c elementor-section-full_width elementor-section-stretched elementor-section-height-default elementor-section-height-default\" data-id=\"20c950c\" data-element_type=\"section\" data-e-type=\"section\" data-settings=\"{&quot;stretch_section&quot;:&quot;section-stretched&quot;}\">\n\t\t\t\t\t\t<div class=\"elementor-container elementor-column-gap-default\">\n\t\t\t\t\t<div class=\"elementor-column elementor-col-100 elementor-top-column elementor-element elementor-element-f527b64\" data-id=\"f527b64\" data-element_type=\"column\" data-e-type=\"column\">\n\t\t\t<div class=\"elementor-widget-wrap elementor-element-populated\">\n\t\t\t\t\t\t<div class=\"elementor-element elementor-element-93972c8 elementor-widget__width-initial elementor-widget-mobile__width-initial elementor-widget elementor-widget-text-editor\" data-id=\"93972c8\" data-element_type=\"widget\" data-e-type=\"widget\" data-widget_type=\"text-editor.default\">\n\t\t\t\t<div class=\"elementor-widget-container\">\n\t\t\t\t\t\t\t\t\t<p>Privacy terms<\/p><p><strong>Izjava o privatnosti:<\/strong><\/p><p>Ard\u00a0 natural cosmetics skincare centar j.d.o.o je\u00a0 vlasnik je web stranice www.ard-cosmetics.com.<\/p><p>Ova izjava kreirana je sa svrhom informiranja korisnika web stranice o na\u010dinima skupljanja i obrade osobnih podataka na www.ard-cosmetics.com te kako bismo obavijestili korisnike o na\u010dinu na koji brinemo o njihovoj privatnosti.\u00a0<\/p><p>Please read this Statement carefully to learn how we collect, process, protect or otherwise use your personal data.<\/p><p><strong>Data collection<\/strong><\/p><p>Personal data is any data relating to an individual whose identity is known or can be determined. An identifiable individual is a person who can be identified directly or indirectly, in particular with the help of identifiers such as name, identification number, location data, online identifier or with the help of one or more factors inherent to physical, physiological, genetic, mental , economic, cultural or social identity of that individual.<\/p><p>We collect your personal information only when you voluntarily provide us with such information. We collect data about you when you fill out the registration form or when signing up for the newsletter.<\/p><p>You should be aware that non-personal information and data may be collected automatically through our Internet servers or through the use of &quot;cookies&quot;.<\/p><p>Examples of information about your use of the site include: the most visited and viewed subpages and links on our website, the number of completed forms, time spent on the page, the most popular keywords that lead users to our site, your IP address, information collected through cookies, data of your device such as hardware settings, system activity, browser type, etc.<\/p><p><strong>Data processing<\/strong><\/p><p>Podatke dobivene o vama koristimo u jednu ili vi\u0161e navedenih svrha: radi personalizacije Va\u0161eg korisni\u010dkog iskustva, radi pobolj\u0161anja na\u0161e web stranice, radi povremenog slanja e-poruka, poveznice sa tre\u0107im stranama(web shop prodaju, kurirska slu\u017eba za dostavu narud\u017ebi i sl.<\/p><p>We do not offer or provide any third party services or products on our website.<\/p><p><strong>Protection of your data<\/strong><\/p><p>We use physical, technical and organizational security measures to protect the personal data you send through this website. We are constantly upgrading and testing our security technology. We limit access to your personal data to only those employees who need to know this information in order to provide you with our services or some benefits. In addition, we educate our employees about the importance of data confidentiality and the preservation of privacy and the protection of your data.<\/p><p><strong>Data storage and retention period<\/strong><\/p><p>All data is stored in databases and repositories of OVH servers in Strasbourg, France. We will not transfer or store stored data to countries outside the European Union.<\/p><p>We keep and protect your personal data for the duration of your business relationship with us. We regularly delete personal data that you have given us for business or contact purposes after 12 months from the day you gave us that data.<\/p><p><strong>Individual rights<\/strong><\/p><p>If you want to know whether we own and process your personal data, or if you want to access the personal data we have about you, please contact us.<\/p><p>You can also request information on: purpose of data processing, categories of personal data under processing; who else outside of our company received your personal data from us; what is the source of the personal data (if you have not directly provided it to us); and how long we will keep the data. You have the right to correct the personal data we hold if it is incorrect. You can also, with certain exceptions, request that we delete your data or stop processing it. You can ask us to stop using your personal data for direct marketing purposes. In many countries, you have the right to submit a complaint to the competent data protection authority if you are not satisfied with the way we handle your personal data. If it is technically feasible, we will send you your personal data based on your request or transfer them directly to another data controller.<\/p><p><strong>Notification of personal data breach<\/strong><\/p><p>In the event of a personal data breach, we will notify you and the competent supervisory authority by e-mail within 72 hours of the extent of the breach, the data covered, the possible impact on our services and our planned measures to secure data and limit any adverse effects on individuals.<\/p><p>Personal data breach means a security breach that leads to the accidental or unlawful destruction, loss, alteration, unauthorized disclosure or access of personal data transmitted, stored and processed in connection with the provision of our services.<\/p><p><strong>Your consent<\/strong><\/p><p>By using this website, you consent to this privacy policy.<\/p><p><strong>Changes to our privacy policy<\/strong><\/p><p>In the event of changes to our privacy policy, we will notify you on this page and update the privacy policy change date below as follows.<\/p>\t\t\t\t\t\t\t\t<\/div>\n\t\t\t\t<\/div>\n\t\t\t\t\t<\/div>\n\t\t<\/div>\n\t\t\t\t\t<\/div>\n\t\t<\/section>\n\t\t\t\t<\/div>","protected":false},"excerpt":{"rendered":"<p>Uvjeti privatnosti Izjava o privatnosti: Ard\u00a0 natural cosmetics skincare centar j.d.o.o je\u00a0 vlasnik je web stranice www.ard-cosmetics.com. Ova izjava kreirana je sa svrhom informiranja korisnika web stranice o na\u010dinima skupljanja i obrade osobnih podataka na www.ard-cosmetics.com te kako bismo obavijestili korisnike o na\u010dinu na koji brinemo o njihovoj privatnosti.\u00a0 Molimo Vas da ovu Izjavu pro\u010ditate [&hellip;]<\/p>\n","protected":false},"author":1,"featured_media":0,"parent":0,"menu_order":0,"comment_status":"closed","ping_status":"closed","template":"","meta":{"_acf_changed":false,"inline_featured_image":false,"footnotes":""},"class_list":["post-4467","page","type-page","status-publish","hentry"],"acf":[],"_links":{"self":[{"href":"https:\/\/www.ard-cosmetics.com\/en\/wp-json\/wp\/v2\/pages\/4467","targetHints":{"allow":["GET"]}}],"collection":[{"href":"https:\/\/www.ard-cosmetics.com\/en\/wp-json\/wp\/v2\/pages"}],"about":[{"href":"https:\/\/www.ard-cosmetics.com\/en\/wp-json\/wp\/v2\/types\/page"}],"author":[{"embeddable":true,"href":"https:\/\/www.ard-cosmetics.com\/en\/wp-json\/wp\/v2\/users\/1"}],"replies":[{"embeddable":true,"href":"https:\/\/www.ard-cosmetics.com\/en\/wp-json\/wp\/v2\/comments?post=4467"}],"version-history":[{"count":0,"href":"https:\/\/www.ard-cosmetics.com\/en\/wp-json\/wp\/v2\/pages\/4467\/revisions"}],"wp:attachment":[{"href":"https:\/\/www.ard-cosmetics.com\/en\/wp-json\/wp\/v2\/media?parent=4467"}],"curies":[{"name":"wp","href":"https:\/\/api.w.org\/{rel}","templated":true}]}}