{"id":821,"date":"2020-07-03T10:56:25","date_gmt":"2020-07-03T10:56:25","guid":{"rendered":"https:\/\/firstsight.design\/cherie\/beauty\/?page_id=821"},"modified":"2026-04-19T19:53:14","modified_gmt":"2026-04-19T19:53:14","slug":"o-nama-2","status":"publish","type":"page","link":"https:\/\/www.ard-cosmetics.com\/en\/o-nama-2\/","title":{"rendered":"About Us"},"content":{"rendered":"<div data-elementor-type=\"wp-page\" data-elementor-id=\"821\" class=\"elementor elementor-821\">\n\t\t\t\t\t\t<section class=\"elementor-section elementor-top-section elementor-element elementor-element-9537ad9 elementor-section-boxed elementor-section-height-default elementor-section-height-default\" data-id=\"9537ad9\" data-element_type=\"section\" data-e-type=\"section\">\n\t\t\t\t\t\t<div class=\"elementor-container elementor-column-gap-default\">\n\t\t\t\t\t<div class=\"elementor-column elementor-col-100 elementor-top-column elementor-element elementor-element-16b7291\" data-id=\"16b7291\" data-element_type=\"column\" data-e-type=\"column\">\n\t\t\t<div class=\"elementor-widget-wrap\">\n\t\t\t\t\t\t\t<\/div>\n\t\t<\/div>\n\t\t\t\t\t<\/div>\n\t\t<\/section>\n\t\t\t\t<section class=\"elementor-section elementor-top-section elementor-element elementor-element-4289888 elementor-reverse-mobile elementor-section-boxed elementor-section-height-default elementor-section-height-default\" data-id=\"4289888\" data-element_type=\"section\" data-e-type=\"section\" data-settings=\"{&quot;background_background&quot;:&quot;classic&quot;}\">\n\t\t\t\t\t\t\t<div class=\"elementor-background-overlay\"><\/div>\n\t\t\t\t\t\t\t<div class=\"elementor-container elementor-column-gap-default\">\n\t\t\t\t\t<div class=\"elementor-column elementor-col-50 elementor-top-column elementor-element elementor-element-76dee88\" data-id=\"76dee88\" data-element_type=\"column\" data-e-type=\"column\" data-settings=\"{&quot;background_background&quot;:&quot;classic&quot;}\">\n\t\t\t<div class=\"elementor-widget-wrap elementor-element-populated\">\n\t\t\t\t\t\t<div class=\"elementor-element elementor-element-c8b622f elementor-widget elementor-widget-heading\" data-id=\"c8b622f\" data-element_type=\"widget\" data-e-type=\"widget\" data-widget_type=\"heading.default\">\n\t\t\t\t<div class=\"elementor-widget-container\">\n\t\t\t\t\t<h2 class=\"elementor-heading-title elementor-size-default\">MEANING OF THE NAME 'ARD AND 'ARD DESIGN<\/h2>\t\t\t\t<\/div>\n\t\t\t\t<\/div>\n\t\t\t\t<div class=\"elementor-element elementor-element-937d6ae elementor-widget elementor-widget-accordion\" data-id=\"937d6ae\" data-element_type=\"widget\" data-e-type=\"widget\" data-widget_type=\"accordion.default\">\n\t\t\t\t<div class=\"elementor-widget-container\">\n\t\t\t\t\t\t\t<div class=\"elementor-accordion\">\n\t\t\t\t\t\t\t<div class=\"elementor-accordion-item\">\n\t\t\t\t\t<div id=\"elementor-tab-title-1541\" class=\"elementor-tab-title\" data-tab=\"1\" role=\"button\" aria-controls=\"elementor-tab-content-1541\" aria-expanded=\"false\">\n\t\t\t\t\t\t\t\t\t\t\t\t<a class=\"elementor-accordion-title\" tabindex=\"0\"><\/a>\n\t\t\t\t\t<\/div>\n\t\t\t\t\t<div id=\"elementor-tab-content-1541\" class=\"elementor-tab-content elementor-clearfix\" data-tab=\"1\" role=\"region\" aria-labelledby=\"elementor-tab-title-1541\"><p>\u00a0\u2018ard, nosi duboku simboliku koja se krije u samom korijenu rije\u010di \u2013 ona ozna\u010dava zemlju.<\/p><p>Upravo je zemlja izvor svega \u0161to koristimo u na\u0161im bo\u010dicama.<\/p><p>Dizajn brenda prati tu filozofiju: jednostavne linije, \u010dista estetika odra\u017eavaju \u017eelju za mirom i povratkom onome \u0161to je bitno.<\/p><\/div>\n\t\t\t\t<\/div>\n\t\t\t\t\t\t\t\t<\/div>\n\t\t\t\t\t\t<\/div>\n\t\t\t\t<\/div>\n\t\t\t\t<div class=\"elementor-element elementor-element-c548374 content-align-left content-align--mobilecenter elementor-widget elementor-widget-art-light-button\" data-id=\"c548374\" data-element_type=\"widget\" data-e-type=\"widget\" data-widget_type=\"art-light-button.default\">\n\t\t\t\t<div class=\"elementor-widget-container\">\n\t\t\t\t\t\r\n\r\n        \r\n                <div class=\"art-widget-button art--aliment-left art--aliment-tablet- art--aliment-mobile-center\">\r\n                    <a href=\"https:\/\/www.ard-cosmetics.com\/en\/shop\/\" class=\"art-button art-button-light\">Check our products<\/a>\r\n                <\/div>\r\n\r\n                \r\n\r\n\r\n\r\n\r\n\r\n\r\n\r\n\t\t\t\t\t\t<\/div>\n\t\t\t\t<\/div>\n\t\t\t\t\t<\/div>\n\t\t<\/div>\n\t\t\t\t<div class=\"elementor-column elementor-col-50 elementor-top-column elementor-element elementor-element-f61f840\" data-id=\"f61f840\" data-element_type=\"column\" data-e-type=\"column\" data-settings=\"{&quot;background_background&quot;:&quot;classic&quot;}\">\n\t\t\t<div class=\"elementor-widget-wrap elementor-element-populated\">\n\t\t\t\t\t<div class=\"elementor-background-overlay\"><\/div>\n\t\t\t\t\t\t<div class=\"elementor-element elementor-element-c66926e elementor-widget elementor-widget-image\" data-id=\"c66926e\" data-element_type=\"widget\" data-e-type=\"widget\" data-widget_type=\"image.default\">\n\t\t\t\t<div class=\"elementor-widget-container\">\n\t\t\t\t\t\t\t\t\t\t\t\t\t\t\t<img fetchpriority=\"high\" decoding=\"async\" width=\"786\" height=\"1024\" src=\"https:\/\/www.ard-cosmetics.com\/wp-content\/uploads\/2026\/04\/IMG_8975-786x1024.jpg\" class=\"attachment-large size-large wp-image-9082\" alt=\"\" srcset=\"https:\/\/www.ard-cosmetics.com\/wp-content\/uploads\/2026\/04\/IMG_8975-786x1024.jpg 786w, https:\/\/www.ard-cosmetics.com\/wp-content\/uploads\/2026\/04\/IMG_8975-230x300.jpg 230w, https:\/\/www.ard-cosmetics.com\/wp-content\/uploads\/2026\/04\/IMG_8975-768x1001.jpg 768w, https:\/\/www.ard-cosmetics.com\/wp-content\/uploads\/2026\/04\/IMG_8975-9x12.jpg 9w, https:\/\/www.ard-cosmetics.com\/wp-content\/uploads\/2026\/04\/IMG_8975-600x782.jpg 600w, https:\/\/www.ard-cosmetics.com\/wp-content\/uploads\/2026\/04\/IMG_8975-120x156.jpg 120w, https:\/\/www.ard-cosmetics.com\/wp-content\/uploads\/2026\/04\/IMG_8975.jpg 832w\" sizes=\"(max-width: 786px) 100vw, 786px\" \/>\t\t\t\t\t\t\t\t\t\t\t\t\t\t\t<\/div>\n\t\t\t\t<\/div>\n\t\t\t\t\t<\/div>\n\t\t<\/div>\n\t\t\t\t\t<\/div>\n\t\t<\/section>\n\t\t\t\t<section class=\"elementor-section elementor-top-section elementor-element elementor-element-eaa711f elementor-section-boxed elementor-section-height-default elementor-section-height-default\" data-id=\"eaa711f\" data-element_type=\"section\" data-e-type=\"section\" data-settings=\"{&quot;background_background&quot;:&quot;gradient&quot;}\">\n\t\t\t\t\t\t\t<div class=\"elementor-background-overlay\"><\/div>\n\t\t\t\t\t\t\t<div class=\"elementor-container elementor-column-gap-default\">\n\t\t\t\t\t<div class=\"elementor-column elementor-col-50 elementor-top-column elementor-element elementor-element-fbeade0\" data-id=\"fbeade0\" data-element_type=\"column\" data-e-type=\"column\">\n\t\t\t<div class=\"elementor-widget-wrap elementor-element-populated\">\n\t\t\t\t\t\t<div class=\"elementor-element elementor-element-874e2d2 elementor-widget elementor-widget-image\" data-id=\"874e2d2\" data-element_type=\"widget\" data-e-type=\"widget\" data-widget_type=\"image.default\">\n\t\t\t\t<div class=\"elementor-widget-container\">\n\t\t\t\t\t\t\t\t\t\t\t\t\t\t\t<img decoding=\"async\" width=\"728\" height=\"1024\" src=\"https:\/\/www.ard-cosmetics.com\/wp-content\/uploads\/2026\/04\/unnamed-728x1024.jpg\" class=\"attachment-large size-large wp-image-8955\" alt=\"\" srcset=\"https:\/\/www.ard-cosmetics.com\/wp-content\/uploads\/2026\/04\/unnamed-728x1024.jpg 728w, https:\/\/www.ard-cosmetics.com\/wp-content\/uploads\/2026\/04\/unnamed-213x300.jpg 213w, https:\/\/www.ard-cosmetics.com\/wp-content\/uploads\/2026\/04\/unnamed-768x1080.jpg 768w, https:\/\/www.ard-cosmetics.com\/wp-content\/uploads\/2026\/04\/unnamed-9x12.jpg 9w, https:\/\/www.ard-cosmetics.com\/wp-content\/uploads\/2026\/04\/unnamed-600x844.jpg 600w, https:\/\/www.ard-cosmetics.com\/wp-content\/uploads\/2026\/04\/unnamed-114x160.jpg 114w, https:\/\/www.ard-cosmetics.com\/wp-content\/uploads\/2026\/04\/unnamed.jpg 814w\" sizes=\"(max-width: 728px) 100vw, 728px\" \/>\t\t\t\t\t\t\t\t\t\t\t\t\t\t\t<\/div>\n\t\t\t\t<\/div>\n\t\t\t\t\t<\/div>\n\t\t<\/div>\n\t\t\t\t<div class=\"elementor-column elementor-col-50 elementor-top-column elementor-element elementor-element-a51993b\" data-id=\"a51993b\" data-element_type=\"column\" data-e-type=\"column\">\n\t\t\t<div class=\"elementor-widget-wrap elementor-element-populated\">\n\t\t\t\t\t\t<div class=\"elementor-element elementor-element-3ed80e3 elementor-widget elementor-widget-heading\" data-id=\"3ed80e3\" data-element_type=\"widget\" data-e-type=\"widget\" data-widget_type=\"heading.default\">\n\t\t\t\t<div class=\"elementor-widget-container\">\n\t\t\t\t\t<h2 class=\"elementor-heading-title elementor-size-default\">HOW WAS 'ARD BORN ?<\/h2>\t\t\t\t<\/div>\n\t\t\t\t<\/div>\n\t\t\t\t<div class=\"elementor-element elementor-element-4ec737a elementor-widget elementor-widget-text-editor\" data-id=\"4ec737a\" data-element_type=\"widget\" data-e-type=\"widget\" data-widget_type=\"text-editor.default\">\n\t\t\t\t<div class=\"elementor-widget-container\">\n\t\t\t\t\t\t\t\t\t<p>\u2018ard je nastao je iz potrage za istinskom njegom bez suvi\u0161ne kemije. Vo\u0111ena ljubavlju prema biljkama i stru\u010dno\u0161\u0107u u fitoaromaterapiji, kreirala sam brend koji ne vri\u0161ti ambala\u017eom, ve\u0107 osvaja kvalitetom.<\/p><p>Moj cilj bio je jasan: bar\u0161unasta ko\u017ea bez masnih tragova.<\/p><p>Iza svake \u2018ard recepture stoji moj osobni potpis, sati laboratorijskog istra\u017eivanja i beskompromisni princip \u010disto\u0107e. Svaki proizvod osobno formuliram i proizvodim u malim, svje\u017eim serijama, spajaju\u0107i sigurnost znanosti s najfinijim darovima prirode.<\/p><p>Danas je moja misija podijeliti tu lako\u0107u i meko\u0107u sa svakom \u017eenom. Jer tvoja ko\u017ea zaslu\u017euje najbolje \u2014 bez kompromisa.<\/p><p><strong>Katarina Me\u0161i\u0107, lic.fitoaromaterapeut i osniva\u010dica brenda \u2018ard<\/strong><\/p><div><div class=\"adL\">\u00a0<\/div><\/div>\t\t\t\t\t\t\t\t<\/div>\n\t\t\t\t<\/div>\n\t\t\t\t\t<\/div>\n\t\t<\/div>\n\t\t\t\t\t<\/div>\n\t\t<\/section>\n\t\t\t\t<section class=\"elementor-section elementor-top-section elementor-element elementor-element-ca9a56f elementor-section-boxed elementor-section-height-default elementor-section-height-default\" data-id=\"ca9a56f\" data-element_type=\"section\" data-e-type=\"section\" data-settings=\"{&quot;background_background&quot;:&quot;gradient&quot;}\">\n\t\t\t\t\t\t\t<div class=\"elementor-background-overlay\"><\/div>\n\t\t\t\t\t\t\t<div class=\"elementor-container elementor-column-gap-default\">\n\t\t\t\t\t<div class=\"elementor-column elementor-col-50 elementor-top-column elementor-element elementor-element-60c11cc\" data-id=\"60c11cc\" data-element_type=\"column\" data-e-type=\"column\">\n\t\t\t<div class=\"elementor-widget-wrap elementor-element-populated\">\n\t\t\t\t\t\t<div class=\"elementor-element elementor-element-470dc74 elementor-widget elementor-widget-heading\" data-id=\"470dc74\" data-element_type=\"widget\" data-e-type=\"widget\" data-widget_type=\"heading.default\">\n\t\t\t\t<div class=\"elementor-widget-container\">\n\t\t\t\t\t<h2 class=\"elementor-heading-title elementor-size-default\"><h2 style=\"white-space: normal\">INGREDIENTS AND PURPOSE<\/h2><\/h2>\t\t\t\t<\/div>\n\t\t\t\t<\/div>\n\t\t\t\t<div class=\"elementor-element elementor-element-c909efd elementor-widget elementor-widget-text-editor\" data-id=\"c909efd\" data-element_type=\"widget\" data-e-type=\"widget\" data-widget_type=\"text-editor.default\">\n\t\t\t\t<div class=\"elementor-widget-container\">\n\t\t\t\t\t\t\t\t\t<p class=\"_04xlpA direction-ltr align-start para-style-body\"><strong>Jedan proizvod za cijelu obitelj<\/strong><\/p><p>U svijetu pretjerane konzumacije, \u2018ard bira kvalitetu ispred kvantitete. Umjesto desetaka proizvoda na\u00a0 polica, nudimo univerzalne, mo\u0107ne formulacije koje \u0161tede prostor, novac i \u010duvaju okoli\u0161.<\/p><p><strong>\u2018ard proizvodi su namijenjeni svima:<\/strong><\/p><p><strong>\u2022 Svim spolovima:<\/strong> Lagane teksture i suptilni mirisi koje ko\u017ea trenuta\u010dno upija.<\/p><p><strong>\u2022 Svim generacijama:<\/strong> \u010cisti, organski sastojci sigurni za djecu i zrelu ko\u017eu.<\/p><p><strong>\u2022 Svim tipovima ko\u017ee:<\/strong> Baza koja poti\u010de prirodnu regeneraciju i zdravlje.<\/p><p><strong>\u2018ard je znanstveno utemeljena njega formulirana da je dijeli cijela obitelj \u2013 bez obzira na dob ili spol. Manje stvari koje vrijede vi\u0161e.<\/strong><\/p>\t\t\t\t\t\t\t\t<\/div>\n\t\t\t\t<\/div>\n\t\t\t\t\t<\/div>\n\t\t<\/div>\n\t\t\t\t<div class=\"elementor-column elementor-col-50 elementor-top-column elementor-element elementor-element-81bff63\" data-id=\"81bff63\" data-element_type=\"column\" data-e-type=\"column\">\n\t\t\t<div class=\"elementor-widget-wrap elementor-element-populated\">\n\t\t\t\t\t\t<div class=\"elementor-element elementor-element-8b83cda elementor-widget elementor-widget-image\" data-id=\"8b83cda\" data-element_type=\"widget\" data-e-type=\"widget\" data-widget_type=\"image.default\">\n\t\t\t\t<div class=\"elementor-widget-container\">\n\t\t\t\t\t\t\t\t\t\t\t\t\t\t\t<img decoding=\"async\" width=\"724\" height=\"1024\" src=\"https:\/\/www.ard-cosmetics.com\/wp-content\/uploads\/2026\/04\/Dizajn-bez-naslova-4-724x1024.png\" class=\"attachment-large size-large wp-image-9083\" alt=\"\" srcset=\"https:\/\/www.ard-cosmetics.com\/wp-content\/uploads\/2026\/04\/Dizajn-bez-naslova-4-724x1024.png 724w, https:\/\/www.ard-cosmetics.com\/wp-content\/uploads\/2026\/04\/Dizajn-bez-naslova-4-212x300.png 212w, https:\/\/www.ard-cosmetics.com\/wp-content\/uploads\/2026\/04\/Dizajn-bez-naslova-4-768x1086.png 768w, https:\/\/www.ard-cosmetics.com\/wp-content\/uploads\/2026\/04\/Dizajn-bez-naslova-4-1086x1536.png 1086w, https:\/\/www.ard-cosmetics.com\/wp-content\/uploads\/2026\/04\/Dizajn-bez-naslova-4-1448x2048.png 1448w, https:\/\/www.ard-cosmetics.com\/wp-content\/uploads\/2026\/04\/Dizajn-bez-naslova-4-8x12.png 8w, https:\/\/www.ard-cosmetics.com\/wp-content\/uploads\/2026\/04\/Dizajn-bez-naslova-4-600x849.png 600w, https:\/\/www.ard-cosmetics.com\/wp-content\/uploads\/2026\/04\/Dizajn-bez-naslova-4-113x160.png 113w, https:\/\/www.ard-cosmetics.com\/wp-content\/uploads\/2026\/04\/Dizajn-bez-naslova-4.png 1587w\" sizes=\"(max-width: 724px) 100vw, 724px\" \/>\t\t\t\t\t\t\t\t\t\t\t\t\t\t\t<\/div>\n\t\t\t\t<\/div>\n\t\t\t\t\t<\/div>\n\t\t<\/div>\n\t\t\t\t\t<\/div>\n\t\t<\/section>\n\t\t\t\t<\/div>","protected":false},"excerpt":{"rendered":"<p>ZNA\u010cENJE IMENA \u2018ARD I \u2018ARD DIZAJN \u00a0\u2018ard, nosi duboku simboliku koja se krije u samom korijenu rije\u010di \u2013 ona ozna\u010dava zemlju. Upravo je zemlja izvor svega \u0161to koristimo u na\u0161im bo\u010dicama. Dizajn brenda prati tu filozofiju: jednostavne linije, \u010dista estetika odra\u017eavaju \u017eelju za mirom i povratkom onome \u0161to je bitno. KAKO JE NASTAO \u2018ARD? \u2018ard [&hellip;]<\/p>\n","protected":false},"author":1,"featured_media":7498,"parent":0,"menu_order":0,"comment_status":"closed","ping_status":"closed","template":"elementor-template.php","meta":{"_acf_changed":false,"inline_featured_image":false,"footnotes":""},"class_list":["post-821","page","type-page","status-publish","has-post-thumbnail","hentry"],"acf":[],"_links":{"self":[{"href":"https:\/\/www.ard-cosmetics.com\/en\/wp-json\/wp\/v2\/pages\/821","targetHints":{"allow":["GET"]}}],"collection":[{"href":"https:\/\/www.ard-cosmetics.com\/en\/wp-json\/wp\/v2\/pages"}],"about":[{"href":"https:\/\/www.ard-cosmetics.com\/en\/wp-json\/wp\/v2\/types\/page"}],"author":[{"embeddable":true,"href":"https:\/\/www.ard-cosmetics.com\/en\/wp-json\/wp\/v2\/users\/1"}],"replies":[{"embeddable":true,"href":"https:\/\/www.ard-cosmetics.com\/en\/wp-json\/wp\/v2\/comments?post=821"}],"version-history":[{"count":48,"href":"https:\/\/www.ard-cosmetics.com\/en\/wp-json\/wp\/v2\/pages\/821\/revisions"}],"predecessor-version":[{"id":9086,"href":"https:\/\/www.ard-cosmetics.com\/en\/wp-json\/wp\/v2\/pages\/821\/revisions\/9086"}],"wp:featuredmedia":[{"embeddable":true,"href":"https:\/\/www.ard-cosmetics.com\/en\/wp-json\/wp\/v2\/media\/7498"}],"wp:attachment":[{"href":"https:\/\/www.ard-cosmetics.com\/en\/wp-json\/wp\/v2\/media?parent=821"}],"curies":[{"name":"wp","href":"https:\/\/api.w.org\/{rel}","templated":true}]}}