{"id":4259,"date":"2022-02-05T14:30:09","date_gmt":"2022-02-05T14:30:09","guid":{"rendered":"https:\/\/www.ard-cosmetics.com\/?post_type=product&#038;p=4259"},"modified":"2026-04-01T13:52:52","modified_gmt":"2026-04-01T13:52:52","slug":"ard-hidratantna-krema-za-lice-sa-kamilicom-50-ml","status":"publish","type":"product","link":"https:\/\/www.ard-cosmetics.com\/en\/shop\/skincare\/anti-age\/ard-hidratantna-krema-za-lice-sa-kamilicom-50-ml\/","title":{"rendered":"&#8216;ard hidratantna krema za lice s kamilicom 50 ml"},"content":{"rendered":"<p>Due to the high concentration of Roman chamomile hydrolate, it reduces inflammation, redness and irritation.<\/p>\n<p>Cold pressed macadamia oil provides moisture and protects the skin from drying out.<\/p>\n<p>The synergistic action of elastin and collagen fills in imperfections and the face stays smooth for a long time.<\/p>\n<p>\u00a0<\/p>\n<p><strong>PURPOSE:<\/strong><\/p>\n<p>Intended as a cream for the face and eye area and as a base for powder. For daily use and care of normal to dry and sensitive skin as well as mature skin and skin prone to irritation and redness.<\/p>\n<p>\u00a0<\/p>\n<p><strong>NOT INTENDED FOR ACNE PRONE SKIN!<\/strong><\/p>\n<p>\u00a0<\/p>\n<p><strong>USE:<\/strong> Apply in a thin layer on the skin that you previously cleaned with \u2018ard cleansing gel with chamomile.<\/p>\n<p>\u00a0<\/p>\n<p><strong>INGREDIENTS: <\/strong><\/p>\n<p><strong>Anthemis Nobilis Flower Water \/ <\/strong>Hydrolat (flower water) of Roman chamomile reduces inflammation and irritation. It is excellent for the care of sensitive skin prone to allergies, atopy, eczema, psoriasis, burns and redness.<\/p>\n<p><strong>Macadamia Integrifolia Seed Oil \/<\/strong> Cold pressed macadamia oil contains palmitoleic acid, which is important for the care of dry and mature skin because it preserves the moisture of the epidermis.<\/p>\n<p><strong>Aloe Barbadensis Leaf Juice \/ <\/strong>Aloe vera extract promotes skin regeneration and renewal.<\/p>\n<p><strong>Aqua \/<\/strong> Voda iz aloe vere. U \u2018ard hidratantnoj kremi islju\u010divo se nalazi hidrolat rimske kamilice, nije dodavana pro\u010di\u0161\u0107ena voda osim one koja se nalazi u sastavu\u00a0 aloe vere.<\/p>\n<p><strong>Cetearyl Olivate<\/strong> <strong>\/<\/strong> A natural emulsifier based on olive oil reduces skin redness and inflammatory processes.<\/p>\n<p><strong>Sorbitan Olivate \/<\/strong> Natural Emulsifier based on olive oil on the skin creates a film that protects it from external harmful factors<\/p>\n<p><strong>Glycerin \/<\/strong> Glycerol of plant origin provides moisture to the skin.<\/p>\n<p><strong>Benzyl Alcohol \/<\/strong> Organic compound. Preservative allowed in eco cosmetics.<\/p>\n<p><strong>Glycoproteins \/ <\/strong>Glycoproteins provide deep hydration and make skin fresher and younger.<\/p>\n<p><strong>Chamomilla Recutita Flower Extract \/ <\/strong>Chamomilla Recutita Flower Extract CO2 has anti-inflammatory action and is suitable for sensitive, irritated and inflamed skin such as atopic and allergic dermatitis, eczema, redness, etc.<\/p>\n<p><strong>Helianthus Annuus (Sunflower) Seed Oil \/ <\/strong>Cold pressed sunflower oil is our sunflower oil care for dry, damaged, sensitive and mature skin.<\/p>\n<p><strong>Anthemis Nobilis Flower Oil <\/strong>Anthemis Nobilis Flower Oil has a strong anti-inflammatory\neffect. It treats dry, inflamed, scaly and sensitive skin and skin prone to dermatitis, eczema, rashes, etc.<\/p>\n<p><strong>Salix Nigra Bark Extract \/<\/strong> Extract reduces the appearance of wrinkles and freckles.<\/p>\n<p><strong>Rosmarinus Officinalis (Rosemary) Leaf Extract<\/strong> Rosmarinus Officinalis (Rosemary) Leaf Extract has anti-inflammatory and antimicrobial activity.<\/p>\n<p><strong>Dehydroacetic Acid \/<\/strong> Dehydroacetic Acid is a preservative allowed in eco cosmetics. Prevents the development of microorganisms.<\/p>\n<p><strong>Citric Acid \/ <\/strong>Citric Acid. All Natural Acid (AHA). It helps the skin get rid of dead cells and thus<\/p>\n<p><strong>Hydrolyzed Elastin \/ <\/strong>Hydrolyzed elastin serves to protect against drying out and acts on the upper layer of the skin.<\/p>\n<p><strong>Potassium Sorbate \/ <\/strong>Potassium sorbate is used as a preservative. Protects cosmetic products from the creation of yeasts and fungi. Allowed in eco cosmetics.<\/p>\n<p><strong>Sodium Benzoate \/ <\/strong>Sodium benzoate is a preservative approved in eco cosmetics. It prevents the development of fungi and bacteria. It is naturally found in fruits such as apples and plums.<\/p>\n<p>\u00a0<\/p>\n<p><strong>Country of origin:<\/strong> Croatia \/ EU<\/p>\n<p>\u00a0<\/p>\n<p>\u00a0<\/p>","protected":false},"excerpt":{"rendered":"<p>Moisturizing cream for the face and eye area with chamomile<\/p>\n<p>hydrolyzed elastin + collagen<\/p>\n<p>Restores dry and damaged skin, making irregularities and wrinkles less visible<\/p>\n<p>&nbsp;<\/p>","protected":false},"featured_media":8817,"comment_status":"open","ping_status":"closed","template":"","meta":{"_acf_changed":false,"inline_featured_image":false},"product_brand":[],"product_cat":[231,234,222,235],"product_tag":[85,84,82,83],"class_list":{"0":"post-4259","1":"product","2":"type-product","3":"status-publish","4":"has-post-thumbnail","6":"product_cat-anti-age","7":"product_cat-ekcemi","8":"product_cat-skincare","9":"product_cat-suha-koza","10":"product_tag-ard-krema","11":"product_tag-hidratantna-krema","12":"product_tag-krema","13":"product_tag-krema-za-lice","15":"first","16":"instock","17":"shipping-taxable","18":"purchasable","19":"product-type-simple"},"acf":[],"_links":{"self":[{"href":"https:\/\/www.ard-cosmetics.com\/en\/wp-json\/wp\/v2\/product\/4259","targetHints":{"allow":["GET"]}}],"collection":[{"href":"https:\/\/www.ard-cosmetics.com\/en\/wp-json\/wp\/v2\/product"}],"about":[{"href":"https:\/\/www.ard-cosmetics.com\/en\/wp-json\/wp\/v2\/types\/product"}],"replies":[{"embeddable":true,"href":"https:\/\/www.ard-cosmetics.com\/en\/wp-json\/wp\/v2\/comments?post=4259"}],"wp:featuredmedia":[{"embeddable":true,"href":"https:\/\/www.ard-cosmetics.com\/en\/wp-json\/wp\/v2\/media\/8817"}],"wp:attachment":[{"href":"https:\/\/www.ard-cosmetics.com\/en\/wp-json\/wp\/v2\/media?parent=4259"}],"wp:term":[{"taxonomy":"product_brand","embeddable":true,"href":"https:\/\/www.ard-cosmetics.com\/en\/wp-json\/wp\/v2\/product_brand?post=4259"},{"taxonomy":"product_cat","embeddable":true,"href":"https:\/\/www.ard-cosmetics.com\/en\/wp-json\/wp\/v2\/product_cat?post=4259"},{"taxonomy":"product_tag","embeddable":true,"href":"https:\/\/www.ard-cosmetics.com\/en\/wp-json\/wp\/v2\/product_tag?post=4259"}],"curies":[{"name":"wp","href":"https:\/\/api.w.org\/{rel}","templated":true}]}}