{"id":4272,"date":"2022-02-05T16:35:02","date_gmt":"2022-02-05T16:35:02","guid":{"rendered":"https:\/\/www.ard-cosmetics.com\/?post_type=product&#038;p=4272"},"modified":"2026-03-31T22:01:38","modified_gmt":"2026-03-31T22:01:38","slug":"ard-gel-za-umivanje-sa-kamilicom-150-ml","status":"publish","type":"product","link":"https:\/\/www.ard-cosmetics.com\/en\/shop\/skincare\/akne\/ard-gel-za-umivanje-sa-kamilicom-150-ml\/","title":{"rendered":"&#8216;ard gel za umivanje sa kamilicom  200ml"},"content":{"rendered":"<p>Crvene alge u sastavu pove\u0107avaju\u00a0 elasti\u010dnost ko\u017ee te \u0161tite od vanjskih utjecaja, dok aloe vera poti\u010de regeneraciju i obnovu ko\u017ee i poja\u010dava prirodnu vla\u017enost.<\/p>\n<p><strong>PURPOSE:<\/strong>\u00a0For daily use and care of all skin types, including skin prone to irritation, dryness and redness, and mixed and oily skin prone to pimples and acne.<\/p>\n<p>Suitable for washing and removing make-up on the face and eyes.<\/p>\n<p>&nbsp;<\/p>\n<p><strong>USE:<\/strong> Apply 1 push of &#039;ard gel to a wet face and clean impurities or make-up from the face and eyes, including mascara, with circular movements.<\/p>\n<p>It is also suitable for sensitive eyes because it does not cause irritation, burning and redness.<\/p>\n<p>After cleaning, rinse well with water.<\/p>\n<p>&nbsp;<\/p>\n<p><strong>COMPOSITION \/ INCI:<\/strong><\/p>\n<p><strong>Aqua \/ <\/strong>Purified water<\/p>\n<p><strong>Anthemis Nobilis Flower Water <\/strong><strong>\/ <\/strong>Hydrolat (flower water) of Roman chamomile reduces inflammation and irritation. It is excellent for the care of sensitive skin prone to allergies, atopy, eczema, psoriasis, burns and redness.<\/p>\n<p><strong>Aloe Barbadensis Leaf Juice <\/strong><strong>\/ <\/strong>Aloe vera extract promotes skin regeneration and renewal.<\/p>\n<p><strong>Glycerin <\/strong><strong>\/<\/strong> Glycerol of plant origin provides moisture to the skin.<\/p>\n<p><strong>Sodium Cocoamphoacetate, Lauryl Glucoside, Sodium Cocoyl Glutamate, Sodium Lauryl Glucose Carboxylate\u00a0 <\/strong><\/p>\n<p>A surfactant of natural origin obtained from coconut oil that allows the skin surface to be clean. COSMOS compliant.<\/p>\n<p><strong>Benzyl Alcohol <\/strong><strong>\/<\/strong> Organic compound. Preservative allowed in eco cosmetics.<\/p>\n<p><strong>Ahnfeltiopsis Concinna Extract \/ Ahnfeltia Concinna Extract <\/strong>Red algae gel stimulates collagen production, reduces wrinkles and increases skin elasticity and has a regenerative effect.<\/p>\n<p><strong>Xanthan Gum \/ <\/strong>Xanthan Gum is a natural gum used as a natural thickener and stabilizer.<\/p>\n<p><strong>Dehydroacetic Acid, Sodium Dehydroacetate\u00a0 <\/strong><strong>\/<\/strong> Preservatives allowed in eco cosmetics. COSMOS compliant. They prevent the development of microorganisms.<\/p>\n<p><strong>Chlorphenesin (0.06%), Phenoxyethanol (0.11%) \/ <\/strong>Preservative that prevents the growth of microorganisms. It is found in trace cosmetics.<\/p>\n<p><strong>Propylene Glycol \/ <\/strong>Organic compound. It is found naturally in sesame seeds and mushrooms. Hydrates the skin.<\/p>\n<p><strong>Citric Acid <\/strong><strong>\/ <\/strong>All Natural Acid (AHA). It helps the skin get rid of dead cells and thus promotes skin renewal.<\/p>\n<p>&nbsp;<\/p>\n<p>See what they write about our products in\u00a0 <a href=\"https:\/\/www.fashion.hr\/\">Fashion.hr<\/a><\/p>\n<ul>\n<li><a href=\"https:\/\/www.fashion.hr\/beauty\/make-up\/ucinkoviti-proizvodi-koji-brzo-i-besprijekorno-uklanjaju-sav-make-up-s-lica-147633.aspx\">Effective products that quickly and flawlessly remove all make-up from the face!<\/a><\/li>\n<li><a href=\"https:\/\/www.fashion.hr\/beauty\/koza\/5-najboljih-cistaca-za-lice-koji-ne-ostavljaju-kozu-suhom-148009.aspx\">5 best facial cleansers that do not leave the skin dry!<\/a><\/li>\n<\/ul>\n<p>&nbsp;<\/p>\n<p><strong>Country of origin: <\/strong>Croatia \/ EU<\/p>\n<p>&nbsp;<\/p>\n<p>&nbsp;<\/p>","protected":false},"excerpt":{"rendered":"<p>Gel for cleansing and removing make-up with a natural chamomile scent that will not dry out or irritate the skin. Due to the high concentration of Roman chamomile hydrolate, which has anti-inflammatory action, it is suitable for removing make-up from the eyes.<\/p>\n<p><strong>\u2713 No stinging eyes and skin tightening<\/strong><\/p>\n<p>&nbsp;<\/p>","protected":false},"featured_media":8863,"comment_status":"open","ping_status":"closed","template":"","meta":{"_acf_changed":false,"inline_featured_image":false},"product_brand":[],"product_cat":[232,231,234,236,233,222,235],"product_tag":[88,40,45,89,87,90],"class_list":{"0":"post-4272","1":"product","2":"type-product","3":"status-publish","4":"has-post-thumbnail","6":"product_cat-akne","7":"product_cat-anti-age","8":"product_cat-ekcemi","9":"product_cat-masna-mjesovita-koza","10":"product_cat-nepravilnosti-i-pore","11":"product_cat-skincare","12":"product_cat-suha-koza","13":"product_tag-ard-gel","14":"product_tag-beauty","15":"product_tag-cosmetic","16":"product_tag-gel","17":"product_tag-gel-za-umivanje","18":"product_tag-miris-kamilice","20":"first","21":"instock","22":"shipping-taxable","23":"purchasable","24":"product-type-simple"},"acf":[],"_links":{"self":[{"href":"https:\/\/www.ard-cosmetics.com\/en\/wp-json\/wp\/v2\/product\/4272","targetHints":{"allow":["GET"]}}],"collection":[{"href":"https:\/\/www.ard-cosmetics.com\/en\/wp-json\/wp\/v2\/product"}],"about":[{"href":"https:\/\/www.ard-cosmetics.com\/en\/wp-json\/wp\/v2\/types\/product"}],"replies":[{"embeddable":true,"href":"https:\/\/www.ard-cosmetics.com\/en\/wp-json\/wp\/v2\/comments?post=4272"}],"wp:featuredmedia":[{"embeddable":true,"href":"https:\/\/www.ard-cosmetics.com\/en\/wp-json\/wp\/v2\/media\/8863"}],"wp:attachment":[{"href":"https:\/\/www.ard-cosmetics.com\/en\/wp-json\/wp\/v2\/media?parent=4272"}],"wp:term":[{"taxonomy":"product_brand","embeddable":true,"href":"https:\/\/www.ard-cosmetics.com\/en\/wp-json\/wp\/v2\/product_brand?post=4272"},{"taxonomy":"product_cat","embeddable":true,"href":"https:\/\/www.ard-cosmetics.com\/en\/wp-json\/wp\/v2\/product_cat?post=4272"},{"taxonomy":"product_tag","embeddable":true,"href":"https:\/\/www.ard-cosmetics.com\/en\/wp-json\/wp\/v2\/product_tag?post=4272"}],"curies":[{"name":"wp","href":"https:\/\/api.w.org\/{rel}","templated":true}]}}