{"id":4946,"date":"2022-02-05T12:12:16","date_gmt":"2022-02-05T12:12:16","guid":{"rendered":"https:\/\/www.ard-cosmetics.com\/?post_type=product&#038;p=4946"},"modified":"2026-03-30T20:57:43","modified_gmt":"2026-03-30T20:57:43","slug":"ard-set-za-njegu-lica","status":"publish","type":"product","link":"https:\/\/www.ard-cosmetics.com\/en\/shop\/skincare\/anti-age\/ard-set-za-njegu-lica\/","title":{"rendered":"&#039;ard start set"},"content":{"rendered":"<p>\u2018ard set za njegu lica sa prirodnim mirisom kamilice va\u0161em \u0107e licu pru\u017eiti osje\u0107aj dugotrajne meko\u0107e i bar\u0161unast izgled, bez masnih tragova i osje\u0107aja zatezanja!<\/p>\n<p>\u00a0<\/p>\n<p><strong>NO.1 Gel za umivanje s kamilicom<\/strong><\/p>\n<p>The red algae in the composition increases the elasticity of the skin and protects it from external influences, while aloe vera stimulates the regeneration and renewal of the skin and enhances the natural moisture.<\/p>\n<p><strong>PURPOSE:<\/strong> For daily use and care of all skin types, including skin prone to irritation, dryness and redness, and mixed and oily skin prone to pimples and acne.<\/p>\n<p>Suitable for washing and removing make-up on the face and eyes.<\/p>\n<p><strong>USE:<\/strong> Apply 1 push of &#039;ard gel to a wet face and clean impurities or make-up from the face and eyes, including mascara, with circular movements.<\/p>\n<p>It is also suitable for sensitive eyes because it does not cause irritation, burning and redness.<\/p>\n<p>After cleaning, rinse well with water.<\/p>\n<p>\u00a0<\/p>\n<p><strong>NO.2<\/strong>\u00a0<strong>Piling u kremi za lice i usne s kamilicom<\/strong><\/p>\n<p>A light scrub in a crea<strong>m<\/strong> with a natural chamomile scent that will give your skin a feeling of long-lasting softness and a velvety look.<\/p>\n<p>Olive grains gently and effectively remove dead cells while macadamia oil keeps skin moisturized and protects against drying out.<\/p>\n<p>\u00a0<\/p>\n<p><strong>USE:<\/strong>Apply the scrub on a damp face, neck and lips and massage in a circular motion for 2 minutes.<\/p>\n<p>Rinse with water and then apply 'ard moisturizer with chamomile.<\/p>\n<p>Also suitable as an exfoliator for hand care. Use 1-2 times a week.<\/p>\n<p>\u00a0<\/p>\n<p><strong>PURPOSE<\/strong>: For the care of normal to dry and sensitive and mature skin.<\/p>\n<p>\u00a0<\/p>\n<p><strong>NO.4<\/strong> <strong>Hidratantna krema za lice s kamilicom<\/strong><\/p>\n<p>A light moisturizing cream with a natural chamomile scent that leaves no greasy residue and gives your skin a feeling of long-lasting softness and velvety appearance.<\/p>\n<p>Due to the high concentration of Roman chamomile hydrolate, it reduces inflammation, redness and irritation.<\/p>\n<p>Cold pressed macadamia oil provides moisture and protects the skin from drying out.<\/p>\n<p>The synergistic action of elastin and collagen fills in imperfections and the face stays smooth for a long time.<\/p>\n<p>\u00a0<\/p>\n<p><strong>PURPOSE:<\/strong> For daily use and care of normal to dry and sensitive skin as well as mature skin and skin prone to irritation and redness.<\/p>\n<p>\u00a0<\/p>\n<p><strong>NOT INTENDED FOR THE CARE OF ACNE PRONE SKIN!<\/strong><\/p>\n<p>\u00a0<\/p>\n<p><strong>USE:<\/strong>\u00a0Apply in a thin layer on the skin that you previously cleaned with \u2018ard cleansing gel with chamomile.<\/p>\n<p>\u00a0<\/p>\n<p>\u00a0<\/p>\n<p>\u00a0<\/p>","protected":false},"excerpt":{"rendered":"<p><strong>ANTI-AGE ROUTINE FOR VELVET AND BEAUTIFUL SKIN WITHOUT OILY TRACES IN JUST 3 STEPS!<\/strong><\/p>\n<p>\u2022 for deep hydration and care of normal to dry and sensitive skin as well as mature skin and skin prone to irritation and redness<\/p>\n<p>\u2022\u00a0 &#8216;ard gel za umivanje sa kamilicom 200 ml<\/p>\n<p>\u2022 \u2018ard scrub for face and lips in 30 ml chamomile cream<\/p>\n<p>\u2022 &#039;ard moisturizing face cream with chamomile 50 ml<\/p>","protected":false},"featured_media":8824,"comment_status":"open","ping_status":"closed","template":"","meta":{"_acf_changed":false,"inline_featured_image":false},"product_brand":[],"product_cat":[231,234,222,235],"product_tag":[],"class_list":{"0":"post-4946","1":"product","2":"type-product","3":"status-publish","4":"has-post-thumbnail","6":"product_cat-anti-age","7":"product_cat-ekcemi","8":"product_cat-skincare","9":"product_cat-suha-koza","11":"first","12":"instock","13":"shipping-taxable","14":"purchasable","15":"product-type-simple"},"acf":[],"_links":{"self":[{"href":"https:\/\/www.ard-cosmetics.com\/en\/wp-json\/wp\/v2\/product\/4946","targetHints":{"allow":["GET"]}}],"collection":[{"href":"https:\/\/www.ard-cosmetics.com\/en\/wp-json\/wp\/v2\/product"}],"about":[{"href":"https:\/\/www.ard-cosmetics.com\/en\/wp-json\/wp\/v2\/types\/product"}],"replies":[{"embeddable":true,"href":"https:\/\/www.ard-cosmetics.com\/en\/wp-json\/wp\/v2\/comments?post=4946"}],"wp:featuredmedia":[{"embeddable":true,"href":"https:\/\/www.ard-cosmetics.com\/en\/wp-json\/wp\/v2\/media\/8824"}],"wp:attachment":[{"href":"https:\/\/www.ard-cosmetics.com\/en\/wp-json\/wp\/v2\/media?parent=4946"}],"wp:term":[{"taxonomy":"product_brand","embeddable":true,"href":"https:\/\/www.ard-cosmetics.com\/en\/wp-json\/wp\/v2\/product_brand?post=4946"},{"taxonomy":"product_cat","embeddable":true,"href":"https:\/\/www.ard-cosmetics.com\/en\/wp-json\/wp\/v2\/product_cat?post=4946"},{"taxonomy":"product_tag","embeddable":true,"href":"https:\/\/www.ard-cosmetics.com\/en\/wp-json\/wp\/v2\/product_tag?post=4946"}],"curies":[{"name":"wp","href":"https:\/\/api.w.org\/{rel}","templated":true}]}}