{"id":7505,"date":"2023-06-30T16:51:16","date_gmt":"2023-06-30T16:51:16","guid":{"rendered":"https:\/\/www.ard-cosmetics.com\/?post_type=product&#038;p=7505"},"modified":"2026-04-04T16:47:28","modified_gmt":"2026-04-04T16:47:28","slug":"ard-vm-vitamins-minerals-krema-za-lice-i-okoloocno-podrucje","status":"publish","type":"product","link":"https:\/\/www.ard-cosmetics.com\/en\/shop\/skincare\/akne\/ard-vm-vitamins-minerals-krema-za-lice-i-okoloocno-podrucje\/","title":{"rendered":"&#8216;ard prirodni botox krema sa vitaminima,mineralima i hijaluronskom kiselinom 50ml"},"content":{"rendered":"<p>Bogata krema za lice s vitaminima (A i B), mineralima (cink i bakar) i hijaluronskom kiselinom<\/p>\n<p>\u00a0<\/p>\n<div dir=\"auto\"><strong>ZA KOGA JE \u2018ARD VM KREMA:<\/strong><\/div>\n<div dir=\"auto\"><\/div>\n<div dir=\"auto\">\u2713 For the care of normal skin that shows wrinkles and the first signs of aging<\/div>\n<div dir=\"auto\">\u2713 For gray and tired skin<\/div>\n<div dir=\"auto\">\u2713 For an uneven complexion<\/div>\n<div dir=\"auto\">\u2713 For skin prone to enlarged pores<\/div>\n<div dir=\"auto\">\u2713 For the care of oily and mixed skin prone to inflammatory processes (comedones, acne)<\/div>\n<div dir=\"auto\">\u2713 Intended as a cream for the face and around the eyes and as a foundation for powder<\/div>\n<div dir=\"auto\"><\/div>\n<div dir=\"auto\"><\/div>\n<div dir=\"auto\"><strong>ZA KOGA NIJE \u2018ARD VM KREMA:<\/strong><\/div>\n<div dir=\"auto\"><\/div>\n<div dir=\"auto\">\u2013 Za ko\u017eu sklonu dermatitisu<\/div>\n<div dir=\"auto\"><\/div>\n<div dir=\"auto\"><\/div>\n<div dir=\"auto\"><strong>PO \u010cEMU JE \u2018ARD VM KREMA POSEBNA:<\/strong><\/div>\n<div dir=\"auto\"><\/div>\n<div dir=\"auto\">\u2713 Natural formulation without parabens<\/div>\n<div dir=\"auto\">\u2713 Dermatologist approved<\/div>\n<div dir=\"auto\">\u2713 7 molecules of hyaluronic acid for deep hydration and anti-aging effect<\/div>\n<div dir=\"auto\">\u2713 Contains minerals from semi-precious stones that additionally purify the skin and even out the complexion<\/div>\n<div dir=\"auto\">\u2713 Sadr\u017ei provitamin B5, vitamin A, cink, alantoin , aloe veru koji regeneriraju i obnavljaju ko\u017eu \u010dine\u0107i ju vidno zagla\u0111enijom i mladolikom<\/div>\n<div dir=\"auto\"><\/div>\n<div dir=\"auto\"><\/div>\n<div dir=\"auto\"><\/div>\n<div dir=\"auto\"><strong>USE:<\/strong><\/div>\n<div dir=\"auto\"><\/div>\n<div dir=\"auto\">Temeljito o\u010distiti ko\u017eu lica \u2018ard gelom, a zatim nanijetu kremu koli\u010dine zrna gra\u0161ka na podru\u010dje ko\u017ee lica i vrata. Jednom do dva puta tjedno napraviti piling ko\u017ee s \u2018ard pilingom na bazi kamilice za kompletni u\u010dinak<strong>\u00a0<\/strong>njege.<\/div>\n<div dir=\"auto\"><\/div>\n<div dir=\"auto\"><strong>NA\u010cIN \u010cUVANJA:\u00a0<\/strong>pri temperaturi do 25 \u00b0C<\/div>\n<div dir=\"auto\"><\/div>\n<div dir=\"auto\">\n<p><strong>IMPORTANT:<\/strong> Do not use with other products containing vitamin A (retinol), niacinamide and acids and any other active ingredients.<\/p>\n<p>\u00a0<\/p>\n<div dir=\"auto\">\n<p><strong><strong>EXPECTED RESULTS:<\/strong><\/strong><\/p>\n<p>Kremu je potrebno koristiti na \u010distoj ko\u017ei lica, ujutro i nave\u010der, idealno nakon \u2018ard gela i u kombinaciji s \u2018ard pilingom (1-2 puta tjedno).<\/p>\n<p>Prvi, vidljivi rezultati se mogu primijetiti unutar\u00a0 15 dana od po\u010detka kori\u0161tenja, a u\u010dinak je najbolje vidljiv nakon\u00a0 3 \u2013 6 mjeseci.<\/p>\n<p>Kod akni u po\u010detku kori\u0161tenja kreme mogu\u0107e je stvaranje upalnih procesa jer ko\u017ea prolazi kroz regeneraciju, nakon \u010dega dolazi do obnavljanja njezine barijere, smirivanja i postizanja o\u010dekivanih rezultata.<\/p>\n<p>Krema djeluje tako da poti\u010de proizvodnju novih stanica, kolagena i elastina, stoga je sjajan saveznik zdrave i njegovane ko\u017ee!<\/p>\n<div class=\"adn ads\" data-message-id=\"#msg-a:r-2145318467461836700\" data-legacy-message-id=\"18926a78a8b7a3e5\">\n<div class=\"gs\">\n<div class=\"\">\n<div id=\":ov\" class=\"ii gt\">\n<div class=\"yj6qo\"><\/div>\n<div class=\"yj6qo\"><\/div>\n<\/div>\n<div class=\"hi\"><\/div>\n<\/div>\n<\/div>\n<div class=\"ajx\"><\/div>\n<\/div>\n<div class=\"gA gt acV\">\n<div class=\"gB xu\">\n<div class=\"ip iq\">\n<div id=\":ow\">\n<table class=\"cf wS\" role=\"presentation\">\n<tbody>\n<tr>\n<td class=\"amq\"><img decoding=\"async\" id=\":l8_6\" class=\"ajn bofPge\" src=\"https:\/\/lh3.googleusercontent.com\/a\/AAcHTtdxwUEAVBYPGGaPfUSfvuBpxPHVpjfwqCiX5WQmf8oC=s40-p-mo\" name=\":l8\" data-hovercard-id=\"katarinamesic1@gmail.com\" \/><\/td>\n<td class=\"amr\">\n<div class=\"nr wR\">\n<div class=\"amn\"><span id=\":op\" class=\"ams bkH\" tabindex=\"0\" role=\"link\">Answer<\/span><span id=\":or\" class=\"ams bkG\" tabindex=\"0\" role=\"link\">Forward<\/span><\/div>\n<\/div>\n<\/td>\n<\/tr>\n<\/tbody>\n<\/table>\n<\/div>\n<\/div>\n<\/div>\n<\/div>\n<\/div>\n<\/div>\n<div dir=\"auto\"><\/div>\n<div dir=\"auto\">\n<div dir=\"auto\"><strong>INGREDIENTS:\u00a0<\/strong><\/div>\n<div dir=\"auto\">Anthemis Nobilis Flower Water, Caprylic\/Capric Triglyceride, Aqua, Aloe Barbadensis Leaf Juice, Cetearyl Alcohol,<\/div>\n<div dir=\"auto\">Brassica Campestris Seed Oil, Propanediol, Polyglyceryl-6 Distearate, Copaifera officinalis resin, Glycerin, Jojoba Esters, Olea Europaea Fruit Oil, Benzyl Alcohol, Glyceryl Isostearate, Cetyl Alcohol, Palmitoyl Hydrolyzed Wheat Protein, Polyglyceryl-3 Beeswax, Potassium Cocoyl Hydrolyzed Wheat Protein , Xanthan Gum, Polygonum Tinctorium Leaf Extract, Iris Florentina Root Extract, Malachite Extract, 1,2-Hexanediol, Sodium Hyaluronate, Panthenol, Dehydroacetic Acid, Citric Acid, Zinc Sulfate, Allantoin, Glycyrrhetinic Acid, Lecithin, Retinyl Palmitate<\/div>\n<\/div>","protected":false},"excerpt":{"rendered":"<div dir=\"auto\"><\/div>\n<div dir=\"auto\">\n<p><strong>ANTI-AGE CREAM FOR BEAUTIFUL SKIN AND EVEN COMPLEXION WITHOUT OILY TRACES!<\/strong><\/p>\n<p><strong>A great ally for an even and youthful complexion!<\/strong><\/p>\n<p>\u2022 for deep hydration and care of all skin types, including mature skin with the first signs of aging and skin prone to inflammatory processes and acne<\/p>\n<p>&nbsp;<\/p>\n<\/div>\n<div dir=\"auto\">\n<p>&nbsp;<\/p>\n<\/div>\n<div dir=\"auto\"><\/div>","protected":false},"featured_media":8960,"comment_status":"open","ping_status":"closed","template":"","meta":{"_acf_changed":false,"inline_featured_image":false},"product_brand":[],"product_cat":[232,231,236,233,222,235],"product_tag":[],"class_list":{"0":"post-7505","1":"product","2":"type-product","3":"status-publish","4":"has-post-thumbnail","6":"product_cat-akne","7":"product_cat-anti-age","8":"product_cat-masna-mjesovita-koza","9":"product_cat-nepravilnosti-i-pore","10":"product_cat-skincare","11":"product_cat-suha-koza","13":"first","14":"instock","15":"shipping-taxable","16":"purchasable","17":"product-type-simple"},"acf":[],"_links":{"self":[{"href":"https:\/\/www.ard-cosmetics.com\/en\/wp-json\/wp\/v2\/product\/7505","targetHints":{"allow":["GET"]}}],"collection":[{"href":"https:\/\/www.ard-cosmetics.com\/en\/wp-json\/wp\/v2\/product"}],"about":[{"href":"https:\/\/www.ard-cosmetics.com\/en\/wp-json\/wp\/v2\/types\/product"}],"replies":[{"embeddable":true,"href":"https:\/\/www.ard-cosmetics.com\/en\/wp-json\/wp\/v2\/comments?post=7505"}],"wp:featuredmedia":[{"embeddable":true,"href":"https:\/\/www.ard-cosmetics.com\/en\/wp-json\/wp\/v2\/media\/8960"}],"wp:attachment":[{"href":"https:\/\/www.ard-cosmetics.com\/en\/wp-json\/wp\/v2\/media?parent=7505"}],"wp:term":[{"taxonomy":"product_brand","embeddable":true,"href":"https:\/\/www.ard-cosmetics.com\/en\/wp-json\/wp\/v2\/product_brand?post=7505"},{"taxonomy":"product_cat","embeddable":true,"href":"https:\/\/www.ard-cosmetics.com\/en\/wp-json\/wp\/v2\/product_cat?post=7505"},{"taxonomy":"product_tag","embeddable":true,"href":"https:\/\/www.ard-cosmetics.com\/en\/wp-json\/wp\/v2\/product_tag?post=7505"}],"curies":[{"name":"wp","href":"https:\/\/api.w.org\/{rel}","templated":true}]}}