{"id":7509,"date":"2023-06-30T17:00:46","date_gmt":"2023-06-30T17:00:46","guid":{"rendered":"https:\/\/www.ard-cosmetics.com\/?post_type=product&#038;p=7509"},"modified":"2026-04-09T19:26:33","modified_gmt":"2026-04-09T19:26:33","slug":"ard-perfect-skin-set","status":"publish","type":"product","link":"https:\/\/www.ard-cosmetics.com\/en\/shop\/skincare\/akne\/ard-perfect-skin-set\/","title":{"rendered":"&#039;ard perfect skin set"},"content":{"rendered":"<p><strong>&#039;ard perfect skin set<\/strong> sadr\u017ei tri visokokvalitetna i funkcionalna proizvoda :<\/p>\n<ul>\n<li>\u00a0\u2018ard gel za \u010di\u0161\u0107enje ko\u017ee lica 200 ml<\/li>\n<li>\u2018ard piling za lice i usne u kremi s kamilicom 30 ml<\/li>\n<li>\u2018ard VM vitamins &amp; minerals krema za dubinsku hidrataciju i regeneraciju 30 ml<\/li>\n<\/ul>\n<p>Ovaj set idealan je za njegu masne i kombinirane ko\u017ee sklone upalnim procesima (aknama, miteserima isl.) i ko\u017eu s prvim znakovima starenja. \u2018ard gel za \u010di\u0161\u0107enje ko\u017ee lica odli\u010dno je rje\u0161enje za uklanjanje svih ne\u010disto\u0107a s ko\u017ee, uklju\u010duju\u0107i i make up. On je prvi korak u rutini i u jednom potezu \u010dini ko\u017eu \u010distom i spremnom za daljnje korake!<\/p>\n<p><strong>\u2018ard piling za lice i usne u kremi<\/strong> s kamilicom uklonit \u0107e sve odumrle stanice ko\u017ee te dubinski o\u010distiti i pripremiti ko\u017eu za sljede\u0107i korak rutine. Piling je idealan za obnovu umorne i o\u0161te\u0107ene ko\u017ee, kao i za sprje\u010davanje nastanka novih bora.<\/p>\n<p><strong>\u2018ard VM vitamins &amp; minerals krema<\/strong> za dubinsku hidrataciju<br \/>\nIt is a cream that contains vitamins A and B, minerals, zinc and copper and hyaluronic acid and easily restores the skin&#039;s balance, provides deep hydration and prevents inflammatory processes.<br \/>\n<strong><br \/>\nIMPORTANT:<\/strong> Ne koristiti VM kremu sa drugim proizvodima koji sadr\u017ee vitamin A (retinol), niacinamid i kiseline te bilo koje druge aktivne sastojke.<br \/>\n<strong>O\u010cEKIVANI REZULTATI<\/strong>:Kremu je potrebno koristiti na \u010distoj ko\u017ei lica, ujutro i nave\u010der, idealno nakon &#8216;ard gela i u kombinaciji s &#8216;ard pilingom (1-2 puta tjedno).Prvi, vidljivi rezultati se mogu primijetiti unutar 15 dana od po\u010detka kori\u0161tenja, a u\u010dinak je najbolje vidljiv nakon 3 &#8211; 6 mjeseci.Kod akni u po\u010detku kori\u0161tenja kreme mogu\u0107e je stvaranje upalnih procesa jer ko\u017ea prolazi kroz regeneraciju, nakon \u010dega dolazi do obnavljanja njezine barijere, smirivanja i postizanja o\u010dekivanih rezultata.Krema djeluje tako da poti\u010de proizvodnju novih stanica, kolagena i elastina, stoga je sjajan saveznik zdrave i njegovane ko\u017ee!<\/p>","protected":false},"excerpt":{"rendered":"<p><strong>ANTI-AGE CREAM FOR BEAUTIFUL SKIN AND EVEN COMPLEXION WITHOUT OILY TRACES!\u00a0<\/strong><\/p>\n<p><strong>A great ally for an even and youthful complexion!<\/strong><\/p>\n<p>&nbsp;<\/p>\n<p>\u2022 for deep hydration and care of all skin types, including mature skin with the first signs of aging and skin prone to inflammatory processes and acne<\/p>\n<p>&nbsp;<\/p>\n<p>\u2022\u00a0 \u2018ard gel za umivanje sa kamilicom 200 ml<\/p>\n<p>\u2022 'ard scrub for face and lips in cream with chamomile 30 ml<\/p>\n<p>\u2022\u00a0 \u2018ard VM perfect skin &amp; prirodni botox krema 30 ml<\/p>","protected":false},"featured_media":8825,"comment_status":"open","ping_status":"closed","template":"","meta":{"_acf_changed":false,"inline_featured_image":false},"product_brand":[],"product_cat":[232,231,236,233,235],"product_tag":[],"class_list":{"0":"post-7509","1":"product","2":"type-product","3":"status-publish","4":"has-post-thumbnail","6":"product_cat-akne","7":"product_cat-anti-age","8":"product_cat-masna-mjesovita-koza","9":"product_cat-nepravilnosti-i-pore","10":"product_cat-suha-koza","12":"first","13":"outofstock","14":"shipping-taxable","15":"purchasable","16":"product-type-simple"},"acf":[],"_links":{"self":[{"href":"https:\/\/www.ard-cosmetics.com\/en\/wp-json\/wp\/v2\/product\/7509","targetHints":{"allow":["GET"]}}],"collection":[{"href":"https:\/\/www.ard-cosmetics.com\/en\/wp-json\/wp\/v2\/product"}],"about":[{"href":"https:\/\/www.ard-cosmetics.com\/en\/wp-json\/wp\/v2\/types\/product"}],"replies":[{"embeddable":true,"href":"https:\/\/www.ard-cosmetics.com\/en\/wp-json\/wp\/v2\/comments?post=7509"}],"wp:featuredmedia":[{"embeddable":true,"href":"https:\/\/www.ard-cosmetics.com\/en\/wp-json\/wp\/v2\/media\/8825"}],"wp:attachment":[{"href":"https:\/\/www.ard-cosmetics.com\/en\/wp-json\/wp\/v2\/media?parent=7509"}],"wp:term":[{"taxonomy":"product_brand","embeddable":true,"href":"https:\/\/www.ard-cosmetics.com\/en\/wp-json\/wp\/v2\/product_brand?post=7509"},{"taxonomy":"product_cat","embeddable":true,"href":"https:\/\/www.ard-cosmetics.com\/en\/wp-json\/wp\/v2\/product_cat?post=7509"},{"taxonomy":"product_tag","embeddable":true,"href":"https:\/\/www.ard-cosmetics.com\/en\/wp-json\/wp\/v2\/product_tag?post=7509"}],"curies":[{"name":"wp","href":"https:\/\/api.w.org\/{rel}","templated":true}]}}