{"id":8623,"date":"2024-12-11T16:16:25","date_gmt":"2024-12-11T16:16:25","guid":{"rendered":"https:\/\/www.ard-cosmetics.com\/?post_type=product&#038;p=8623"},"modified":"2026-04-02T09:26:43","modified_gmt":"2026-04-02T09:26:43","slug":"ard-prirodni-botox-krema-sa-vitaminimamineralima-i-hijaluronskom-kiselinom-30ml","status":"publish","type":"product","link":"https:\/\/www.ard-cosmetics.com\/en\/shop\/uncategorized\/ard-prirodni-botox-krema-sa-vitaminimamineralima-i-hijaluronskom-kiselinom-30ml\/","title":{"rendered":"\u2018ard prirodni botox krema sa vitaminima,mineralima i hijaluronskom kiselinom 30ml"},"content":{"rendered":"<p>Bogata krema za lice s vitaminima (A i B), mineralima (cink i bakar) i hijaluronskom kiselinom<\/p>\n<p>&nbsp;<\/p>\n<div dir=\"auto\"><strong>WHO IS &#039;ARD VM CREAM FOR:<\/strong><\/div>\n<div dir=\"auto\"><\/div>\n<div dir=\"auto\">\u2713 For the care of normal skin that shows wrinkles and the first signs of aging<\/div>\n<div dir=\"auto\">\u2713 For gray and tired skin<\/div>\n<div dir=\"auto\">\u2713 For an uneven complexion<\/div>\n<div dir=\"auto\">\u2713 For skin prone to enlarged pores<\/div>\n<div dir=\"auto\">\u2713 For the care of oily and mixed skin prone to inflammatory processes (comedones, acne)<\/div>\n<div dir=\"auto\">\u2713 Intended as a cream for the face and around the eyes and as a foundation for powder<\/div>\n<div dir=\"auto\"><\/div>\n<div dir=\"auto\"><\/div>\n<div dir=\"auto\"><strong>FOR WHOM &#039;ARD VM CREAM IS NOT FOR:<\/strong><\/div>\n<div dir=\"auto\"><\/div>\n<div dir=\"auto\">\u2013 For skin prone to dermatitis<\/div>\n<div dir=\"auto\"><\/div>\n<div dir=\"auto\"><\/div>\n<div dir=\"auto\"><strong>WHAT MAKES &#039;ARD VM CREAM SPECIAL:<\/strong><\/div>\n<div dir=\"auto\"><\/div>\n<div dir=\"auto\">\u2713 Natural formulation without parabens<\/div>\n<div dir=\"auto\">\u2713 Dermatologist approved<\/div>\n<div dir=\"auto\">\u2713 7 molecules of hyaluronic acid for deep hydration and anti-aging effect<\/div>\n<div dir=\"auto\">\u2713 Contains minerals from semi-precious stones that additionally purify the skin and even out the complexion<\/div>\n<div dir=\"auto\">\u2713 Sadr\u017ei provitamin B5, vitamin A, cink, alantoin , aloe veru koji regeneriraju i obnavljaju ko\u017eu \u010dine\u0107i ju vidno zagla\u0111enijom i mladolikom<\/div>\n<div dir=\"auto\"><\/div>\n<div dir=\"auto\"><\/div>\n<div dir=\"auto\"><\/div>\n<div dir=\"auto\"><strong>USE:<\/strong><\/div>\n<div dir=\"auto\"><\/div>\n<div dir=\"auto\">Temeljito o\u010distiti ko\u017eu lica &#8216;ard gelom, a zatim nanijetu kremu koli\u010dine zrna gra\u0161ka na podru\u010dje ko\u017ee lica i vrata. Jednom do dva puta tjedno napraviti piling ko\u017ee s &#8216;ard pilingom na bazi kamilice za kompletni u\u010dinak<strong>\u00a0<\/strong>njege.<\/div>\n<div dir=\"auto\"><\/div>\n<div dir=\"auto\"><strong>NA\u010cIN \u010cUVANJA:\u00a0<\/strong>pri temperaturi do 25 \u00b0C<\/div>\n<div dir=\"auto\"><\/div>\n<div dir=\"auto\">\n<p><strong>IMPORTANT:<\/strong> Do not use with other products containing vitamin A (retinol), niacinamide and acids and any other active ingredients.<\/p>\n<p>&nbsp;<\/p>\n<div dir=\"auto\">\n<p><strong>EXPECTED RESULTS:<\/strong><\/p>\n<p>Kremu je potrebno koristiti na \u010distoj ko\u017ei lica, ujutro i nave\u010der, idealno nakon &#8216;ard gela i u kombinaciji s &#8216;ard pilingom (1-2 puta tjedno).<\/p>\n<p>Prvi, vidljivi rezultati se mogu primijetiti unutar\u00a0 15 dana od po\u010detka kori\u0161tenja, a u\u010dinak je najbolje vidljiv nakon\u00a0 3 &#8211; 6 mjeseci.<\/p>\n<p>Kod akni u po\u010detku kori\u0161tenja kreme mogu\u0107e je stvaranje upalnih procesa jer ko\u017ea prolazi kroz regeneraciju, nakon \u010dega dolazi do obnavljanja njezine barijere, smirivanja i postizanja o\u010dekivanih rezultata.<\/p>\n<p>Krema djeluje tako da poti\u010de proizvodnju novih stanica, kolagena i elastina, stoga je sjajan saveznik zdrave i njegovane ko\u017ee!<\/p>\n<div class=\"adn ads\" data-message-id=\"#msg-a:r-2145318467461836700\" data-legacy-message-id=\"18926a78a8b7a3e5\">\n<div class=\"gs\">\n<div class=\"\">\n<div id=\":ov\" class=\"ii gt\">\n<div class=\"yj6qo\">\n<div dir=\"auto\"><strong>INGREDIENTS:\u00a0<\/strong><\/div>\n<div dir=\"auto\">Anthemis Nobilis Flower Water, Caprylic\/Capric Triglyceride, Aqua, Aloe Barbadensis Leaf Juice, Cetearyl Alcohol,<\/div>\n<div dir=\"auto\">Brassica Campestris Seed Oil, Propanediol, Polyglyceryl-6 Distearate, Copaifera officinalis resin, Glycerin, Jojoba Esters, Olea Europaea Fruit Oil, Benzyl Alcohol, Glyceryl Isostearate, Cetyl Alcohol, Palmitoyl Hydrolyzed Wheat Protein, Polyglyceryl-3 Beeswax, Potassium Cocoyl Hydrolyzed Wheat Protein , Xanthan Gum, Polygonum Tinctorium Leaf Extract, Iris Florentina Root Extract, Malachite Extract, 1,2-Hexanediol, Sodium Hyaluronate, Panthenol, Dehydroacetic Acid, Citric Acid, Zinc Sulfate, Allantoin, Glycyrrhetinic Acid, Lecithin, Retinyl Palmitate<\/div>\n<\/div>\n<\/div>\n<\/div>\n<\/div>\n<\/div>\n<\/div>\n<\/div>","protected":false},"excerpt":{"rendered":"<p><strong>ANTI-AGE CREAM FOR BEAUTIFUL SKIN AND EVEN COMPLEXION WITHOUT OILY TRACES!<\/strong><\/p>\n<p><strong>A great ally for an even and youthful complexion!<\/strong><\/p>\n<p>\u2022 for deep hydration and care of all skin types, including mature skin with the first signs of aging and skin prone to inflammatory processes and acne<\/p>","protected":false},"featured_media":8911,"comment_status":"open","ping_status":"closed","template":"","meta":{"_acf_changed":false,"inline_featured_image":false},"product_brand":[],"product_cat":[15],"product_tag":[],"class_list":{"0":"post-8623","1":"product","2":"type-product","3":"status-publish","4":"has-post-thumbnail","6":"product_cat-uncategorized","8":"first","9":"outofstock","10":"shipping-taxable","11":"purchasable","12":"product-type-simple"},"acf":[],"_links":{"self":[{"href":"https:\/\/www.ard-cosmetics.com\/en\/wp-json\/wp\/v2\/product\/8623","targetHints":{"allow":["GET"]}}],"collection":[{"href":"https:\/\/www.ard-cosmetics.com\/en\/wp-json\/wp\/v2\/product"}],"about":[{"href":"https:\/\/www.ard-cosmetics.com\/en\/wp-json\/wp\/v2\/types\/product"}],"replies":[{"embeddable":true,"href":"https:\/\/www.ard-cosmetics.com\/en\/wp-json\/wp\/v2\/comments?post=8623"}],"wp:featuredmedia":[{"embeddable":true,"href":"https:\/\/www.ard-cosmetics.com\/en\/wp-json\/wp\/v2\/media\/8911"}],"wp:attachment":[{"href":"https:\/\/www.ard-cosmetics.com\/en\/wp-json\/wp\/v2\/media?parent=8623"}],"wp:term":[{"taxonomy":"product_brand","embeddable":true,"href":"https:\/\/www.ard-cosmetics.com\/en\/wp-json\/wp\/v2\/product_brand?post=8623"},{"taxonomy":"product_cat","embeddable":true,"href":"https:\/\/www.ard-cosmetics.com\/en\/wp-json\/wp\/v2\/product_cat?post=8623"},{"taxonomy":"product_tag","embeddable":true,"href":"https:\/\/www.ard-cosmetics.com\/en\/wp-json\/wp\/v2\/product_tag?post=8623"}],"curies":[{"name":"wp","href":"https:\/\/api.w.org\/{rel}","templated":true}]}}